{"id":1171,"date":"2024-02-05T21:36:40","date_gmt":"2024-02-05T20:36:40","guid":{"rendered":"https:\/\/dev.bucco360.com\/bucco-study\/"},"modified":"2024-11-07T19:08:35","modified_gmt":"2024-11-07T18:08:35","slug":"dental-secretaries-patient-communication","status":"publish","type":"page","link":"https:\/\/bucco360.com\/en\/dental-secretaries-patient-communication\/","title":{"rendered":"B\u00fccco study"},"content":{"rendered":"\n<section  class=\"o-section -no-spacing c-hero_model-2 u-bg-primary\">\n    <div class=\"c-hero o-container full\">\n        <div class=\"c-hero_inner\">\n            <div class=\"c-hero_content\">\n                                    <h1 class=\"c-hero_heading c-heading -h0 animated\" data-animation=\"fadeInUp\">Patient communication as seen by 50 dental secretaries<\/h1>\n                              \n                                    <a class=\"c-hero_btn c-btn animated\" href=\"#order-research-study\" title=\"Download the study\" target=\"_self\" data-animation=\"fadeInUp\">Download the study<\/a>\n                \n            <\/div>\n                        \n                <div class=\"c-hero_media -square\">\n                    <img decoding=\"async\" class=\"c-hero_image animated\" src=\"https:\/\/bucco360.com\/wp-content\/uploads\/2024\/02\/etude-bucco.jpg\" \n                     srcset=\"https:\/\/bucco360.com\/wp-content\/uploads\/2024\/02\/etude-bucco-1536x768.jpg 1536w, https:\/\/bucco360.com\/wp-content\/uploads\/2024\/02\/etude-bucco.jpg 2048w, https:\/\/bucco360.com\/wp-content\/uploads\/2024\/02\/etude-bucco-1440x720.jpg 1440w, https:\/\/bucco360.com\/wp-content\/uploads\/2024\/02\/etude-bucco-720x360.jpg 720w, https:\/\/bucco360.com\/wp-content\/uploads\/2024\/02\/etude-bucco-360x180.jpg 360w\"                     alt=\"B\u00fccco : Communiquer avec les patients.\" data-animation=\"fadeIn\">\n                                    <\/div>\n\n                    <\/div> \n    <\/div>\n<\/section>\n\n<section  class=\"c-media-text_model-2 left\">\n    <div class=\"c-media-text\">\n        <div class=\"c-media-text_inner c-media-text_media-30 relative-media left\">\n            <div class=\"c-media-text_media -align_v-align-center\">\n                <img decoding=\"async\" class=\"c-media-text_image\"\n                    src=\"https:\/\/bucco360.com\/wp-content\/uploads\/2024\/02\/etude.jpg\"\n                     srcset=\"https:\/\/bucco360.com\/wp-content\/uploads\/2024\/02\/etude-1536x1024.jpg 1536w, https:\/\/bucco360.com\/wp-content\/uploads\/2024\/02\/etude.jpg 2048w, https:\/\/bucco360.com\/wp-content\/uploads\/2024\/02\/etude-1440x960.jpg 1440w, https:\/\/bucco360.com\/wp-content\/uploads\/2024\/02\/etude-720x480.jpg 720w, https:\/\/bucco360.com\/wp-content\/uploads\/2024\/02\/etude-360x240.jpg 360w\" sizes=\"100vw\"                     alt=\"\">\n            <\/div>\n            <div class=\"c-media-text_content o-block o-container -sm -align_v-align-center animated\" data-animation=\"fadeInUp\">\n                                    <h2>Methodology<\/h2>\n                                <ul>\n<li>Individual interview;<\/li>\n<li>34-question questionnaire;<\/li>\n<li>Between January 9 and March 10, 2023;<\/li>\n<li>50 dental clinics across Quebec.<\/li>\n<ul>\n\n                                    <a class=\"c-btn\" href=\"#order-research-study\" title=\"Download document\" target=\"_self\" data-animation=\"fadeInUp\">Download document<\/a>\n                            <\/div>\n        <\/div>\n    <\/div>\n<\/section>\n\n\n<section class=\"o-block u-bg-secondary-700 c-multi-columns-adjustments\">\n    <div class=\"c-multi-columns o-container -sm\">\n                    <h2 class=\"c-multi-columns_heading c-heading -h3 u-margin-bottom-lg\">Highlights seen by dental secretaries<\/h2>\n                <div class=\"c-multi-columns_inner\">\n                            <div class=\"c-multi-columns_element animated\" data-animation=\"fadeInUp\">\n                                            <p class=\"c-multi-columns_element-heading c-heading -h3 u-margin-bottom-xs\">31,5%<\/p>\n                                                                <p class=\"c-multi-columns_element-text\">of respondents say they don&#8217;t have enough time in the day to complete their tasks.<\/p>\n                                    <\/div>\n                            <div class=\"c-multi-columns_element animated\" data-animation=\"fadeInUp\">\n                                            <p class=\"c-multi-columns_element-heading c-heading -h3 u-margin-bottom-xs\">1\/2<\/p>\n                                                                <p class=\"c-multi-columns_element-text\">would like to telework in their current position.<\/p>\n                                    <\/div>\n                            <div class=\"c-multi-columns_element animated\" data-animation=\"fadeInUp\">\n                                            <p class=\"c-multi-columns_element-heading c-heading -h3 u-margin-bottom-xs\">81,1%<\/p>\n                                                                <p class=\"c-multi-columns_element-text\">of clinics do not offer text message communication with patients.<\/p>\n                                    <\/div>\n                            <div class=\"c-multi-columns_element animated\" data-animation=\"fadeInUp\">\n                                            <p class=\"c-multi-columns_element-heading c-heading -h3 u-margin-bottom-xs\">10 appels<\/p>\n                                                                <p class=\"c-multi-columns_element-text\">missed every week.<\/p>\n                                    <\/div>\n                    <\/div>\n    <\/div>\n<\/section>\n\n\n\n<section id=\"order-research-study\"  class=\"o-block c-form_section u-bg-primary\">\n    <div class=\"c-form-v1 o-container -sm\">\n        <div class=\"c-form_inner\">\n                            <div class=\"c-form_heading animated\" data-animation=\"fadeInUp\">\n                                            <h2>Download the study<\/h2>\n                                                                <p class=\"c-form_phone\"><a href=\"tel:8192002967\">819 200-2967<\/a><\/p>\n                                    <\/div>\n            \n                             \r\n\r\n\t<div class=\"bucco-pages-form\">\r\n\t\t<div class=\"result-gb\"><\/div>\r\n\t\t<form class=\"c-form_shortcode\" action=\"https:\/\/bucco360.com\/wp-admin\/admin-ajax.php\" method=\"post\" id=\"bucco_pages_form\">\r\n\t\t\t<input type=\"hidden\" name=\"lang\" value=\"en\">\r\n\t\t\t<input type=\"text\" name=\"azerty\" class=\"azerty\" value=\"\" autocomplete=\"off\"\/>\r\n\t\t\t<input type=\"hidden\" name=\"nomformulaire\"  id=\"nom_formulaire_bucco_pages_form\" value=\"download_document\"\/>\r\n\t\t\t<input type=\"hidden\" name=\"form_recipients_email\"  id=\"form_recipients_email\" value=\"pm@ploggmedia.com, elbelanger@ploggmedia.com\"\/>\r\n\t\t\t<input type=\"hidden\" name=\"currenturl\"  id=\"current_url_bucco_pages_form\" value=\"https:\/\/bucco360.com\/en\/wp-json\/wp\/v2\/pages\/1171\"\/>\r\n\r\n\t\t\t\t\t\t\t<a class=\"doc_link u-none\" id=\"doc_link\" href=\"\/wp-content\/uploads\/2024\/02\/Rapport_de_recherche_marketing_etude_Bucco.pdf\" download><\/a>\r\n\t\t\t\r\n\t\t\t<div class=\"c-form_row c-form_row-mobile\">\r\n\t\t\t\t<div class=\"c-form_col p-small_col-mobile\">\r\n\t\t\t\t\t<p class=\"u-margin-bottom-none p-small\"><small>Fields marked with an asterisk (*) are mandatory.<\/small><\/p>\r\n\t\t\t\t<\/div>\r\n\t\t\t<\/div>\r\n\t\t\t<p class=\"u-margin-bottom-xs p-small\"><small>Your contact details<\/small><\/p>\r\n\t\t\t\r\n\t\t\t<div class=\"c-form_row\">\r\n\t\t\t\t<div class=\"c-form_col u-margin-left-none\">\r\n\t\t\t\t\t<input type=\"text\" name=\"nom\" id=\"nom_bucco_pages_form\" class=\"c-text-field\" placeholder=\"Name of contact person *\" value=\"\" size=\"22\"  required\/>\r\n\t\t\t\t\t<div class=\"c-form-helper\"><\/div>\r\n\t\t\t\t<\/div>\r\n\t\t\t\t<div class=\"c-form_col p-small_col\">\r\n\t\t\t\t\t<p class=\"u-margin-bottom-none p-small\"><small>Fields marked with an asterisk (*) are mandatory.<\/small><\/p>\r\n\t\t\t\t<\/div>\r\n\t\t\t\t<div class=\"c-form_col p-small_col\"><\/div>\r\n\t\t\t\t<div class=\"c-form_col p-small_col\"><\/div>\r\n\t\t\t<\/div>\r\n\t\t\t\r\n\t\t\t<div class=\"c-form_row\">\r\n\t\t\t\t<div class=\"c-form_col\">\r\n\t\t\t\t\t<div class=\"c-form_row\">\r\n\t\t\t\t\t\t<div class=\"c-form_col\">\r\n\t\t\t\t\t\t\t<input type=\"text\" name=\"nom_clinique\" id=\"nom_clinique_bucco_pages_form\" class=\"c-text-field\" placeholder=\"Clinic Name *\" value=\"\" size=\"22\"  required\/>\r\n\t\t\t\t\t\t<\/div>\r\n\t\t\t\t\t\t<div class=\"c-form_col\">\r\n\t\t\t\t\t\t\t<input type=\"tel\" id=\"tel_bucco_pages_form\" name=\"tel\" class=\"c-text-field tel_bucco_pages_form\" placeholder=\"Phone *\" required\/>\r\n\t\t\t\t\t\t<\/div>\r\n\t\t\t\t\t<\/div>\r\n\t\t\t\t\t<div class=\"c-form_row\">\r\n\t\t\t\t\t\t<div class=\"c-form_col\">\r\n\t\t\t\t\t\t\t<input type=\"email\" id=\"courriel_bucco_pages_form\" name=\"courriel\" class=\"c-text-field\" placeholder=\"E-mail *\" required\/>\t\t\r\n\t\t\t\t\t\t<\/div>\r\n\t\t\t\t\t\t<div class=\"c-form_col\">\r\n\t\t\t\t\t\t\t<select id=\"pays_bucco_pages_form\" name=\"pays\" class=\"c-select_shortcode\" required>\r\n\t\t\t\t\t\t\t\t<option value=\"\" disabled selected>Choose your country *<\/option>\r\n\t\t\t\t\t\t\t\t<option value=\"Canada\">Canada<\/option>\r\n\t\t\t\t\t\t\t\t<option value=\"France\">France<\/option>\r\n\t\t\t\t\t\t\t\t<option value=\"Other\">Other<\/option>\r\n\t\t\t\t\t\t\t<\/select>\r\n\t\t\t\t\t\t\t<input type=\"text\" id=\"other_pays_bucco_pages_form\" class=\"c-text-field u-margin-top-xs\" placeholder=\"Country \"><\/textarea>\r\n\t\t\t\t\t\t<\/div>\r\n\t\t\t\t\t<\/div>\r\n\t\t\t\t<\/div>\r\n\t\t\t\t<div class=\"c-form_col\">\r\n\t\t\t\t\t<textarea name=\"message\" id=\"message_bucco_pages_form\" class=\"c-textarea\" rows=\"5\" tabindex=\"4\" placeholder=\"Additional information *\" required><\/textarea>\r\n\t\t\t\t<\/div>\r\n\t\t\t<\/div>\r\n\r\n\t\t\t<div class=\"c-form_row\">\t\t\t\t\r\n\t\t\t\t<div class=\"c-form_col\">\r\n\t\t\t\t\t<div class=\"c-form_recatcha g-recaptcha\" data-sitekey=\"6LftmnIpAAAAAJY2elSSFA7jd5gZx3PLpGSLXaGr\"><\/div>\r\n\t\t\t\t\t<p class=\"c-typography -caption p-small\"><small>This site is protected by reCAPTCHA and the Google Privacy Policy and Terms of Service apply.<\/small><\/p>\r\n\t\t\t\t<\/div>\r\n\t\t\t<\/div>\r\n\t\t\t<div class=\"c-form_row\">\t\r\n\t\t\t\t<div class=\"c-form_col\">\r\n\t\t\t\t\t<div><button type=\"submit\" class=\"c-btn -secondary -w-lg\" name=\"submit\" id=\"download_document\">Send<\/button><\/div>\t\r\n\t\t\t\t<\/div>\r\n\t\t\t<\/div>\r\n\r\n\t\t<\/form>\r\n\t<\/div>\r\n\r\n\t\t\t<script defer src='https:\/\/www.google.com\/recaptcha\/api.js?hl=en'><\/script>\r\n\t\r\n    \n                       \n        <\/div>\n    <\/div>\n<\/section>","protected":false},"excerpt":{"rendered":"","protected":false},"author":1,"featured_media":0,"parent":0,"menu_order":0,"comment_status":"closed","ping_status":"closed","template":"\/templates\/template-full-width.php","meta":{"_acf_changed":false,"inline_featured_image":false,"footnotes":""},"class_list":["post-1171","page","type-page","status-publish","hentry"],"acf":[],"yoast_head":"<!-- This site is optimized with the Yoast SEO plugin v27.6 - https:\/\/yoast.com\/product\/yoast-seo-wordpress\/ -->\n<title>Dental clinic patient communication study | Bucco<\/title>\n<meta name=\"description\" content=\"L&#039;\u00e9tude vise \u00e0 \u00e9valuer la qualit\u00e9 des communications patients dans les cliniques dentaires.ld a trust with patient.\" \/>\n<meta name=\"robots\" content=\"index, follow, max-snippet:-1, max-image-preview:large, max-video-preview:-1\" \/>\n<link rel=\"canonical\" href=\"https:\/\/bucco360.com\/en\/dental-secretaries-patient-communication\/\" \/>\n<meta property=\"og:locale\" content=\"en_US\" \/>\n<meta property=\"og:type\" content=\"article\" \/>\n<meta property=\"og:title\" content=\"Dental clinic patient communication study | Bucco\" \/>\n<meta property=\"og:description\" content=\"L&#039;\u00e9tude vise \u00e0 \u00e9valuer la qualit\u00e9 des communications patients dans les cliniques dentaires.ld a trust with patient.\" \/>\n<meta property=\"og:url\" content=\"https:\/\/bucco360.com\/en\/dental-secretaries-patient-communication\/\" \/>\n<meta property=\"og:site_name\" content=\"B\u00fccco 360\" \/>\n<meta property=\"article:modified_time\" content=\"2024-11-07T18:08:35+00:00\" \/>\n<meta property=\"og:image\" content=\"https:\/\/bucco360.com\/wp-content\/uploads\/2024\/02\/livres_bucco.jpg\" \/>\n\t<meta property=\"og:image:width\" content=\"1800\" \/>\n\t<meta property=\"og:image:height\" content=\"1350\" \/>\n\t<meta property=\"og:image:type\" content=\"image\/jpeg\" \/>\n<meta name=\"twitter:card\" content=\"summary_large_image\" \/>\n<script type=\"application\/ld+json\" class=\"yoast-schema-graph\">{\"@context\":\"https:\\\/\\\/schema.org\",\"@graph\":[{\"@type\":\"WebPage\",\"@id\":\"https:\\\/\\\/bucco360.com\\\/en\\\/dental-secretaries-patient-communication\\\/\",\"url\":\"https:\\\/\\\/bucco360.com\\\/en\\\/dental-secretaries-patient-communication\\\/\",\"name\":\"Dental clinic patient communication study | Bucco\",\"isPartOf\":{\"@id\":\"https:\\\/\\\/bucco360.com\\\/en\\\/#website\"},\"datePublished\":\"2024-02-05T20:36:40+00:00\",\"dateModified\":\"2024-11-07T18:08:35+00:00\",\"description\":\"L'\u00e9tude vise \u00e0 \u00e9valuer la qualit\u00e9 des communications patients dans les cliniques dentaires.ld a trust with patient.\",\"breadcrumb\":{\"@id\":\"https:\\\/\\\/bucco360.com\\\/en\\\/dental-secretaries-patient-communication\\\/#breadcrumb\"},\"inLanguage\":\"en-US\",\"potentialAction\":[{\"@type\":\"ReadAction\",\"target\":[\"https:\\\/\\\/bucco360.com\\\/en\\\/dental-secretaries-patient-communication\\\/\"]}]},{\"@type\":\"BreadcrumbList\",\"@id\":\"https:\\\/\\\/bucco360.com\\\/en\\\/dental-secretaries-patient-communication\\\/#breadcrumb\",\"itemListElement\":[{\"@type\":\"ListItem\",\"position\":1,\"name\":\"Home\",\"item\":\"https:\\\/\\\/bucco360.com\\\/en\\\/\"},{\"@type\":\"ListItem\",\"position\":2,\"name\":\"B\u00fccco study\"}]},{\"@type\":\"WebSite\",\"@id\":\"https:\\\/\\\/bucco360.com\\\/en\\\/#website\",\"url\":\"https:\\\/\\\/bucco360.com\\\/en\\\/\",\"name\":\"B\u00fccco 360\",\"description\":\"Cr\u00e9er un effet WOW pour vos patients\",\"potentialAction\":[{\"@type\":\"SearchAction\",\"target\":{\"@type\":\"EntryPoint\",\"urlTemplate\":\"https:\\\/\\\/bucco360.com\\\/en\\\/?s={search_term_string}\"},\"query-input\":{\"@type\":\"PropertyValueSpecification\",\"valueRequired\":true,\"valueName\":\"search_term_string\"}}],\"inLanguage\":\"en-US\"}]}<\/script>\n<!-- \/ Yoast SEO plugin. -->","yoast_head_json":{"title":"Dental clinic patient communication study | Bucco","description":"L'\u00e9tude vise \u00e0 \u00e9valuer la qualit\u00e9 des communications patients dans les cliniques dentaires.ld a trust with patient.","robots":{"index":"index","follow":"follow","max-snippet":"max-snippet:-1","max-image-preview":"max-image-preview:large","max-video-preview":"max-video-preview:-1"},"canonical":"https:\/\/bucco360.com\/en\/dental-secretaries-patient-communication\/","og_locale":"en_US","og_type":"article","og_title":"Dental clinic patient communication study | Bucco","og_description":"L'\u00e9tude vise \u00e0 \u00e9valuer la qualit\u00e9 des communications patients dans les cliniques dentaires.ld a trust with patient.","og_url":"https:\/\/bucco360.com\/en\/dental-secretaries-patient-communication\/","og_site_name":"B\u00fccco 360","article_modified_time":"2024-11-07T18:08:35+00:00","og_image":[{"width":1800,"height":1350,"url":"https:\/\/bucco360.com\/wp-content\/uploads\/2024\/02\/livres_bucco.jpg","type":"image\/jpeg"}],"twitter_card":"summary_large_image","schema":{"@context":"https:\/\/schema.org","@graph":[{"@type":"WebPage","@id":"https:\/\/bucco360.com\/en\/dental-secretaries-patient-communication\/","url":"https:\/\/bucco360.com\/en\/dental-secretaries-patient-communication\/","name":"Dental clinic patient communication study | Bucco","isPartOf":{"@id":"https:\/\/bucco360.com\/en\/#website"},"datePublished":"2024-02-05T20:36:40+00:00","dateModified":"2024-11-07T18:08:35+00:00","description":"L'\u00e9tude vise \u00e0 \u00e9valuer la qualit\u00e9 des communications patients dans les cliniques dentaires.ld a trust with patient.","breadcrumb":{"@id":"https:\/\/bucco360.com\/en\/dental-secretaries-patient-communication\/#breadcrumb"},"inLanguage":"en-US","potentialAction":[{"@type":"ReadAction","target":["https:\/\/bucco360.com\/en\/dental-secretaries-patient-communication\/"]}]},{"@type":"BreadcrumbList","@id":"https:\/\/bucco360.com\/en\/dental-secretaries-patient-communication\/#breadcrumb","itemListElement":[{"@type":"ListItem","position":1,"name":"Home","item":"https:\/\/bucco360.com\/en\/"},{"@type":"ListItem","position":2,"name":"B\u00fccco study"}]},{"@type":"WebSite","@id":"https:\/\/bucco360.com\/en\/#website","url":"https:\/\/bucco360.com\/en\/","name":"B\u00fccco 360","description":"Cr\u00e9er un effet WOW pour vos patients","potentialAction":[{"@type":"SearchAction","target":{"@type":"EntryPoint","urlTemplate":"https:\/\/bucco360.com\/en\/?s={search_term_string}"},"query-input":{"@type":"PropertyValueSpecification","valueRequired":true,"valueName":"search_term_string"}}],"inLanguage":"en-US"}]}},"_links":{"self":[{"href":"https:\/\/bucco360.com\/en\/wp-json\/wp\/v2\/pages\/1171","targetHints":{"allow":["GET"]}}],"collection":[{"href":"https:\/\/bucco360.com\/en\/wp-json\/wp\/v2\/pages"}],"about":[{"href":"https:\/\/bucco360.com\/en\/wp-json\/wp\/v2\/types\/page"}],"author":[{"embeddable":true,"href":"https:\/\/bucco360.com\/en\/wp-json\/wp\/v2\/users\/1"}],"replies":[{"embeddable":true,"href":"https:\/\/bucco360.com\/en\/wp-json\/wp\/v2\/comments?post=1171"}],"version-history":[{"count":18,"href":"https:\/\/bucco360.com\/en\/wp-json\/wp\/v2\/pages\/1171\/revisions"}],"predecessor-version":[{"id":3770,"href":"https:\/\/bucco360.com\/en\/wp-json\/wp\/v2\/pages\/1171\/revisions\/3770"}],"wp:attachment":[{"href":"https:\/\/bucco360.com\/en\/wp-json\/wp\/v2\/media?parent=1171"}],"curies":[{"name":"wp","href":"https:\/\/api.w.org\/{rel}","templated":true}]}}